{"id":5243,"date":"2021-07-18T07:51:42","date_gmt":"2021-07-18T07:51:42","guid":{"rendered":"https:\/\/nuss.uxper.co\/luxury-resort\/?page_id=5243"},"modified":"2026-05-12T07:28:28","modified_gmt":"2026-05-12T07:28:28","slug":"contactez-nous","status":"publish","type":"page","link":"https:\/\/wowexecutivehotel.com\/fr\/contact-us\/","title":{"rendered":"Contactez-nous"},"content":{"rendered":"<div data-elementor-type=\"wp-page\" data-elementor-id=\"5243\" class=\"elementor elementor-5243\">\n\t\t\t\t\t\t<section class=\"elementor-section elementor-top-section elementor-element elementor-element-269a8dde elementor-section-boxed elementor-section-height-default elementor-section-height-default elementor-section-column-vertical-align-stretch\" data-id=\"269a8dde\" data-element_type=\"section\" data-e-type=\"section\">\n\t\t\t\t\t\t<div class=\"elementor-container elementor-column-gap-no\">\n\t\t\t\t\t<div class=\"elementor-column elementor-col-100 elementor-top-column elementor-element elementor-element-2d58302d\" data-id=\"2d58302d\" data-element_type=\"column\" data-e-type=\"column\">\n\t\t\t<div class=\"elementor-widget-wrap elementor-element-populated\">\n\t\t\t\t\t\t<div class=\"elementor-element elementor-element-70e6cc1b elementor-widget__width-initial elementor-invisible elementor-widget elementor-widget-text-editor\" data-id=\"70e6cc1b\" data-element_type=\"widget\" data-e-type=\"widget\" data-settings=\"{&quot;_animation&quot;:&quot;nussFadeInUp&quot;}\" data-widget_type=\"text-editor.default\">\n\t\t\t\t\t\t\t\t\t<p>Besoin d&#039;aide pour votre r\u00e9servation en ligne, une question ou besoin de plus d&#039;informations\u00a0? N&#039;h\u00e9sitez pas \u00e0 nous contacter\u00a0!<\/p>\t\t\t\t\t\t\t\t<\/div>\n\t\t\t\t<div class=\"elementor-element elementor-element-2d68e5b9 elementor-widget__width-initial elementor-invisible elementor-widget elementor-widget-heading\" data-id=\"2d68e5b9\" data-element_type=\"widget\" data-e-type=\"widget\" data-settings=\"{&quot;_animation&quot;:&quot;nussFadeInUp&quot;}\" data-widget_type=\"heading.default\">\n\t\t\t\t\t<h3 class=\"elementor-heading-title elementor-size-default\">Pour r\u00e9server, veuillez nous appeler ou nous envoyer un courriel.<\/h3>\t\t\t\t<\/div>\n\t\t\t\t<div class=\"elementor-element elementor-element-1d7bbef9 elementor-invisible elementor-widget elementor-widget-text-editor\" data-id=\"1d7bbef9\" data-element_type=\"widget\" data-e-type=\"widget\" data-settings=\"{&quot;_animation&quot;:&quot;nussFadeInUp&quot;}\" data-widget_type=\"text-editor.default\">\n\t\t\t\t\t\t\t\t\tAppelez-nous : +86-21-68886866\t\t\t\t\t\t\t\t<\/div>\n\t\t\t\t<div class=\"elementor-element elementor-element-69604c41 elementor-widget__width-initial elementor-invisible elementor-widget elementor-widget-heading\" data-id=\"69604c41\" data-element_type=\"widget\" data-e-type=\"widget\" data-settings=\"{&quot;_animation&quot;:&quot;nussFadeInUp&quot;}\" data-widget_type=\"heading.default\">\n\t\t\t\t\t<h3 class=\"elementor-heading-title elementor-size-default\">Retrouvez-nous sur la carte<\/h3>\t\t\t\t<\/div>\n\t\t\t\t<div class=\"elementor-element elementor-element-73a6629 elementor-widget elementor-widget-image\" data-id=\"73a6629\" data-element_type=\"widget\" data-e-type=\"widget\" data-widget_type=\"image.default\">\n\t\t\t\t\t\t\t\t\t\t\t\t\t\t\t<img fetchpriority=\"high\" decoding=\"async\" width=\"1024\" height=\"694\" src=\"https:\/\/wowexecutivehotel.com\/wp-content\/uploads\/2026\/05\/wowexecutivehotel_map-1024x694.webp\" class=\"attachment-large size-large wp-image-5717\" alt=\"\" srcset=\"https:\/\/wowexecutivehotel.com\/wp-content\/uploads\/2026\/05\/wowexecutivehotel_map-1024x694.webp 1024w, https:\/\/wowexecutivehotel.com\/wp-content\/uploads\/2026\/05\/wowexecutivehotel_map-300x203.webp 300w, https:\/\/wowexecutivehotel.com\/wp-content\/uploads\/2026\/05\/wowexecutivehotel_map-768x520.webp 768w, https:\/\/wowexecutivehotel.com\/wp-content\/uploads\/2026\/05\/wowexecutivehotel_map-1536x1041.webp 1536w, https:\/\/wowexecutivehotel.com\/wp-content\/uploads\/2026\/05\/wowexecutivehotel_map-2048x1388.webp 2048w\" sizes=\"(max-width: 1024px) 100vw, 1024px\" \/>\t\t\t\t\t\t\t\t\t\t\t\t\t\t\t<\/div>\n\t\t\t\t<div class=\"elementor-element elementor-element-4d14a742 elementor-widget__width-initial elementor-invisible elementor-widget elementor-widget-text-editor\" data-id=\"4d14a742\" data-element_type=\"widget\" data-e-type=\"widget\" data-settings=\"{&quot;_animation&quot;:&quot;nussFadeInUp&quot;}\" data-widget_type=\"text-editor.default\">\n\t\t\t\t\t\t\t\t\t<p>618, rue Hankou, district de Huangpu, Shanghai, Chine<\/p>\t\t\t\t\t\t\t\t<\/div>\n\t\t\t\t<div class=\"elementor-element elementor-element-3807eb92 elementor-align-center elementor-invisible elementor-widget elementor-widget-button\" data-id=\"3807eb92\" data-element_type=\"widget\" data-e-type=\"widget\" data-settings=\"{&quot;_animation&quot;:&quot;nussFadeInUp&quot;}\" data-widget_type=\"button.default\">\n\t\t\t\t\t\t\t\t\t\t<a class=\"elementor-button elementor-button-link elementor-size-sm\" href=\"https:\/\/j.map.baidu.com\/16\/MtoM\" target=\"_blank\" rel=\"noopener\">\n\t\t\t\t\t\t<span class=\"elementor-button-content-wrapper\">\n\t\t\t\t\t\t\t\t\t<span class=\"elementor-button-text\">Obtenir un itin\u00e9raire<\/span>\n\t\t\t\t\t<\/span>\n\t\t\t\t\t<\/a>\n\t\t\t\t\t\t\t\t<\/div>\n\t\t\t\t\t<\/div>\n\t\t<\/div>\n\t\t\t\t\t<\/div>\n\t\t<\/section>\n\t\t<div class=\"elementor-element elementor-element-3deccd4 e-flex e-con-boxed e-con e-parent\" data-id=\"3deccd4\" data-element_type=\"container\" data-e-type=\"container\">\n\t\t\t\t\t<div class=\"e-con-inner\">\n\t\t\t\t<div class=\"elementor-element elementor-element-4946082 elementor-widget elementor-widget-text-editor\" data-id=\"4946082\" data-element_type=\"widget\" data-e-type=\"widget\" data-widget_type=\"text-editor.default\">\n\t\t\t\t\t\t\t\t\t<h1 class=\"qwen-markdown-heading\"><span class=\"qwen-markdown-text\">Rejoignez l&#039;h\u00f4tel Wow Executive de Shanghai<\/span><\/h1><div class=\"qwen-markdown-paragraph\"><span class=\"qwen-markdown-text\">Arrivez facilement \u00e0 <\/span><strong class=\"qwen-markdown-strong\"><span class=\"qwen-markdown-text\">H\u00f4tel Wow Executive<\/span><\/strong><span class=\"qwen-markdown-text\">, Votre refuge d&#039;affaires de luxe, situ\u00e9 au 22e \u00e9tage du 618, rue Hankou, dans le district de Huangpu \u00e0 Shanghai, b\u00e9n\u00e9ficie d&#039;une situation centrale id\u00e9ale, \u00e0 proximit\u00e9 des principaux n\u0153uds de transport de la ville. Que vous arriviez en avion, en train ou en voiture, vous pourrez ainsi commencer votre s\u00e9jour d\u00e9tendu et ressourc\u00e9, pr\u00eat \u00e0 explorer Shanghai.<\/span><\/div><div class=\"qwen-markdown-space\">\u00a0<\/div><div class=\"qwen-markdown-paragraph\"><span class=\"qwen-markdown-text\">\u2708\ufe0f <\/span><strong class=\"qwen-markdown-strong\"><span class=\"qwen-markdown-text\">En avion<\/span><\/strong><\/div><ul class=\"qwen-markdown-list\" dir=\"auto\"><li><strong class=\"qwen-markdown-strong\"><span class=\"qwen-markdown-text\">A\u00e9roport international de Pudong (PVG)<\/span><\/strong><span class=\"qwen-markdown-text\">: ~45\u201360 minutes en taxi ou en navette a\u00e9roport ; ou prenez la ligne 2 du m\u00e9tro directement jusqu&#039;\u00e0 la station East Nanjing Road (sortie 1), puis 3 minutes \u00e0 pied. <\/span><\/li><li><strong class=\"qwen-markdown-strong\"><span class=\"qwen-markdown-text\">A\u00e9roport international de Hongqiao (SHA)<\/span><\/strong><span class=\"qwen-markdown-text\">: ~30 minutes en taxi ; ou la ligne de m\u00e9tro 2\/10 jusqu&#039;\u00e0 la station East Nanjing Road ou People&#039;s Square pour un acc\u00e8s rapide.<\/span><br \/><em><span class=\"qwen-markdown-text\">Des transferts a\u00e9roport priv\u00e9s peuvent \u00eatre organis\u00e9s via notre r\u00e9ception ouverte 24h\/24 et 7j\/7.<\/span><\/em><\/li><\/ul><div class=\"qwen-markdown-space\">\u00a0<\/div><div class=\"qwen-markdown-paragraph\"><span class=\"qwen-markdown-text\">\ud83d\ude84 <\/span><strong class=\"qwen-markdown-strong\"><span class=\"qwen-markdown-text\">En train<\/span><\/strong><\/div><ul class=\"qwen-markdown-list\" dir=\"auto\"><li><strong class=\"qwen-markdown-strong\"><span class=\"qwen-markdown-text\">Gare ferroviaire de Shanghai<\/span><\/strong><span class=\"qwen-markdown-text\">: 10 minutes en taxi ou en m\u00e9tro ligne 1\/3\/4 jusqu&#039;\u00e0 la place du Peuple, puis une courte marche. <\/span><\/li><li><strong class=\"qwen-markdown-strong\"><span class=\"qwen-markdown-text\">Gare de Shanghai Hongqiao<\/span><\/strong><span class=\"qwen-markdown-text\">: Connectez-vous directement \u00e0 la station East Nanjing Road (sortie 1) via la ligne de m\u00e9tro 2\/10, \u00e0 quelques pas de l&#039;h\u00f4tel.<\/span><br \/><span class=\"qwen-markdown-text\">Une signal\u00e9tique claire et un personnel multilingue assurent une navigation ais\u00e9e du quai \u00e0 la suite.<\/span><\/li><\/ul><div class=\"qwen-markdown-space\">\u00a0<\/div><div class=\"qwen-markdown-paragraph\"><span class=\"qwen-markdown-text\">\ud83d\ude97 <\/span><strong class=\"qwen-markdown-strong\"><span class=\"qwen-markdown-text\">En voiture<\/span><\/strong><br \/><span class=\"qwen-markdown-text\">Naviguer vers <\/span><strong class=\"qwen-markdown-strong\"><span class=\"qwen-markdown-text\">No. 618 Hankou Road, district de Huangpu, Shanghai<\/span><\/strong><span class=\"qwen-markdown-text\">. L&#039;entr\u00e9e de l&#039;h\u00f4tel est clairement indiqu\u00e9e sur Hankou Road, pr\u00e8s de l&#039;intersection avec Zhejiang Middle Road. Bien que le stationnement dans la rue soit limit\u00e9 dans ce quartier central, des parkings publics s\u00e9curis\u00e9s sont disponibles \u00e0 proximit\u00e9 (par exemple, les complexes Henderson Metropolitan et Nanjing Road). Notre service de voiturier et la coordination des transferts sont assur\u00e9s par notre \u00e9quipe de conciergerie.<\/span><\/div><div class=\"qwen-markdown-space\">\u00a0<\/div><div class=\"qwen-markdown-paragraph\"><span class=\"qwen-markdown-text\">\ud83d\udccd <\/span><strong class=\"qwen-markdown-strong\"><span class=\"qwen-markdown-text\">Coordonn\u00e9es de l&#039;h\u00f4tel<\/span><\/strong><br \/><strong class=\"qwen-markdown-strong\"><span class=\"qwen-markdown-text\">H\u00f4tel Wow Executive<\/span><\/strong><br \/><span class=\"qwen-markdown-text\">\ud83d\udccd Adresse : No. 618 Hankou Road, Huangpu District, Shanghai, Chine (22e \u00e9tage)<\/span><br \/><span class=\"qwen-markdown-text\">\ud83d\udcde T\u00e9l\u00e9phone :\u00a0<\/span><span class=\"hotelContact_real-tel-text__3lcAp\" dir=\"ltr\">+86-21-68886866<\/span><br \/><span class=\"qwen-markdown-text\">\ud83c\udf10 Site web : <a href=\"https:\/\/wowexecutivehotel.com\/fr\/\">www.wowexecutivehotel.com<\/a><\/span><br \/><span class=\"qwen-markdown-text\">\ud83d\udd52 R\u00e9ception : Assistance multilingue 24h\/24 et 7j\/7 (anglais, mandarin et plus) <\/span><\/div><div class=\"qwen-markdown-space\">\u00a0<\/div><div class=\"qwen-markdown-paragraph\" data-spm-anchor-id=\"a2ty_o01.29997173.0.i13.65f655fbNuX9AU\"><em><span class=\"qwen-markdown-text\">Conseil de pro<\/span><\/em><span class=\"qwen-markdown-text\">Veuillez enregistrer notre adresse en chinois pour les chauffeurs de taxi\u00a0: \u4e0a\u6d77\u5e02\u9ec4\u6d66\u533a\u6c49\u53e3\u8def618\u53f722\u697c. Situ\u00e9 \u00e0 seulement 230\u00a0m\u00e8tres de la station de m\u00e9tro East Nanjing Road (lignes\u00a02 et\u00a010) et \u00e0 proximit\u00e9 de sites embl\u00e9matiques tels que le Bund et la rue pi\u00e9tonne Nanjing Road, le Wow Executive Hotel vous permet d\u2019acc\u00e9der facilement au meilleur de Shanghai.<\/span><\/div>\t\t\t\t\t\t\t\t<\/div>\n\t\t\t\t\t<\/div>\n\t\t\t\t<\/div>\n\t\t<div class=\"elementor-element elementor-element-969d8f6 e-flex e-con-boxed e-con e-parent\" data-id=\"969d8f6\" data-element_type=\"container\" data-e-type=\"container\">\n\t\t\t\t\t<div class=\"e-con-inner\">\n\t\t\t\t<div class=\"elementor-element elementor-element-f61641d elementor-widget elementor-widget-text-editor\" data-id=\"f61641d\" data-element_type=\"widget\" data-e-type=\"widget\" data-widget_type=\"text-editor.default\">\n\t\t\t\t\t\t\t\t\t<iframe border=\"0\" src=\"https:\/\/www.trip.com\/partners\/ad\/S16865431?Allianceid=7451095&#038;SID=310877134&#038;trip_sub1=\" style=\"width:900px;height:170px\" frameborder=\"0\" scrolling=\"no\" id=\"S16865431\"><\/iframe>\t\t\t\t\t\t\t\t<\/div>\n\t\t\t\t\t<\/div>\n\t\t\t\t<\/div>\n\t\t\t\t<\/div>","protected":false},"excerpt":{"rendered":"<p>Need help with your online booking, have a question or need more information? Just drop us a line! Reservations please call or email Call us: +86-21-68886866 Find us on the map No. 618 Hankou Road, Huangpu District, Shanghai, China Get Directions Reach Wow Executive Hotel Shanghai Arrive with ease at Wow Executive Hotel, your sky-high [&hellip;]<\/p>\n","protected":false},"author":1,"featured_media":0,"parent":0,"menu_order":0,"comment_status":"closed","ping_status":"closed","template":"","meta":{"footnotes":""},"class_list":["post-5243","page","type-page","status-publish","hentry","post-no-thumbnail"],"_links":{"self":[{"href":"https:\/\/wowexecutivehotel.com\/fr\/wp-json\/wp\/v2\/pages\/5243","targetHints":{"allow":["GET"]}}],"collection":[{"href":"https:\/\/wowexecutivehotel.com\/fr\/wp-json\/wp\/v2\/pages"}],"about":[{"href":"https:\/\/wowexecutivehotel.com\/fr\/wp-json\/wp\/v2\/types\/page"}],"author":[{"embeddable":true,"href":"https:\/\/wowexecutivehotel.com\/fr\/wp-json\/wp\/v2\/users\/1"}],"replies":[{"embeddable":true,"href":"https:\/\/wowexecutivehotel.com\/fr\/wp-json\/wp\/v2\/comments?post=5243"}],"version-history":[{"count":0,"href":"https:\/\/wowexecutivehotel.com\/fr\/wp-json\/wp\/v2\/pages\/5243\/revisions"}],"wp:attachment":[{"href":"https:\/\/wowexecutivehotel.com\/fr\/wp-json\/wp\/v2\/media?parent=5243"}],"curies":[{"name":"wp","href":"https:\/\/api.w.org\/{rel}","templated":true}]}}