{"id":5243,"date":"2021-07-18T07:51:42","date_gmt":"2021-07-18T07:51:42","guid":{"rendered":"https:\/\/nuss.uxper.co\/luxury-resort\/?page_id=5243"},"modified":"2026-05-12T07:28:28","modified_gmt":"2026-05-12T07:28:28","slug":"contactanos","status":"publish","type":"page","link":"https:\/\/wowexecutivehotel.com\/es\/contact-us\/","title":{"rendered":"Cont\u00e1ctanos"},"content":{"rendered":"<div data-elementor-type=\"wp-page\" data-elementor-id=\"5243\" class=\"elementor elementor-5243\">\n\t\t\t\t\t\t<section class=\"elementor-section elementor-top-section elementor-element elementor-element-269a8dde elementor-section-boxed elementor-section-height-default elementor-section-height-default elementor-section-column-vertical-align-stretch\" data-id=\"269a8dde\" data-element_type=\"section\" data-e-type=\"section\">\n\t\t\t\t\t\t<div class=\"elementor-container elementor-column-gap-no\">\n\t\t\t\t\t<div class=\"elementor-column elementor-col-100 elementor-top-column elementor-element elementor-element-2d58302d\" data-id=\"2d58302d\" data-element_type=\"column\" data-e-type=\"column\">\n\t\t\t<div class=\"elementor-widget-wrap elementor-element-populated\">\n\t\t\t\t\t\t<div class=\"elementor-element elementor-element-70e6cc1b elementor-widget__width-initial elementor-invisible elementor-widget elementor-widget-text-editor\" data-id=\"70e6cc1b\" data-element_type=\"widget\" data-e-type=\"widget\" data-settings=\"{&quot;_animation&quot;:&quot;nussFadeInUp&quot;}\" data-widget_type=\"text-editor.default\">\n\t\t\t\t\t\t\t\t\t<p>\u00bfNecesitas ayuda con tu reserva online, tienes alguna pregunta o necesitas m\u00e1s informaci\u00f3n? \u00a1Escr\u00edbenos!<\/p>\t\t\t\t\t\t\t\t<\/div>\n\t\t\t\t<div class=\"elementor-element elementor-element-2d68e5b9 elementor-widget__width-initial elementor-invisible elementor-widget elementor-widget-heading\" data-id=\"2d68e5b9\" data-element_type=\"widget\" data-e-type=\"widget\" data-settings=\"{&quot;_animation&quot;:&quot;nussFadeInUp&quot;}\" data-widget_type=\"heading.default\">\n\t\t\t\t\t<h3 class=\"elementor-heading-title elementor-size-default\">Para reservas, llame o env\u00ede un correo electr\u00f3nico.<\/h3>\t\t\t\t<\/div>\n\t\t\t\t<div class=\"elementor-element elementor-element-1d7bbef9 elementor-invisible elementor-widget elementor-widget-text-editor\" data-id=\"1d7bbef9\" data-element_type=\"widget\" data-e-type=\"widget\" data-settings=\"{&quot;_animation&quot;:&quot;nussFadeInUp&quot;}\" data-widget_type=\"text-editor.default\">\n\t\t\t\t\t\t\t\t\tLl\u00e1menos: +86-21-68886866\t\t\t\t\t\t\t\t<\/div>\n\t\t\t\t<div class=\"elementor-element elementor-element-69604c41 elementor-widget__width-initial elementor-invisible elementor-widget elementor-widget-heading\" data-id=\"69604c41\" data-element_type=\"widget\" data-e-type=\"widget\" data-settings=\"{&quot;_animation&quot;:&quot;nussFadeInUp&quot;}\" data-widget_type=\"heading.default\">\n\t\t\t\t\t<h3 class=\"elementor-heading-title elementor-size-default\">Encu\u00e9ntranos en el mapa<\/h3>\t\t\t\t<\/div>\n\t\t\t\t<div class=\"elementor-element elementor-element-73a6629 elementor-widget elementor-widget-image\" data-id=\"73a6629\" data-element_type=\"widget\" data-e-type=\"widget\" data-widget_type=\"image.default\">\n\t\t\t\t\t\t\t\t\t\t\t\t\t\t\t<img fetchpriority=\"high\" decoding=\"async\" width=\"1024\" height=\"694\" src=\"https:\/\/wowexecutivehotel.com\/wp-content\/uploads\/2026\/05\/wowexecutivehotel_map-1024x694.webp\" class=\"attachment-large size-large wp-image-5717\" alt=\"\" srcset=\"https:\/\/wowexecutivehotel.com\/wp-content\/uploads\/2026\/05\/wowexecutivehotel_map-1024x694.webp 1024w, https:\/\/wowexecutivehotel.com\/wp-content\/uploads\/2026\/05\/wowexecutivehotel_map-300x203.webp 300w, https:\/\/wowexecutivehotel.com\/wp-content\/uploads\/2026\/05\/wowexecutivehotel_map-768x520.webp 768w, https:\/\/wowexecutivehotel.com\/wp-content\/uploads\/2026\/05\/wowexecutivehotel_map-1536x1041.webp 1536w, https:\/\/wowexecutivehotel.com\/wp-content\/uploads\/2026\/05\/wowexecutivehotel_map-2048x1388.webp 2048w\" sizes=\"(max-width: 1024px) 100vw, 1024px\" \/>\t\t\t\t\t\t\t\t\t\t\t\t\t\t\t<\/div>\n\t\t\t\t<div class=\"elementor-element elementor-element-4d14a742 elementor-widget__width-initial elementor-invisible elementor-widget elementor-widget-text-editor\" data-id=\"4d14a742\" data-element_type=\"widget\" data-e-type=\"widget\" data-settings=\"{&quot;_animation&quot;:&quot;nussFadeInUp&quot;}\" data-widget_type=\"text-editor.default\">\n\t\t\t\t\t\t\t\t\t<p>Calle Hankou n.\u00ba 618, distrito de Huangpu, Shangh\u00e1i, China<\/p>\t\t\t\t\t\t\t\t<\/div>\n\t\t\t\t<div class=\"elementor-element elementor-element-3807eb92 elementor-align-center elementor-invisible elementor-widget elementor-widget-button\" data-id=\"3807eb92\" data-element_type=\"widget\" data-e-type=\"widget\" data-settings=\"{&quot;_animation&quot;:&quot;nussFadeInUp&quot;}\" data-widget_type=\"button.default\">\n\t\t\t\t\t\t\t\t\t\t<a class=\"elementor-button elementor-button-link elementor-size-sm\" href=\"https:\/\/j.map.baidu.com\/16\/MtoM\" target=\"_blank\" rel=\"noopener\">\n\t\t\t\t\t\t<span class=\"elementor-button-content-wrapper\">\n\t\t\t\t\t\t\t\t\t<span class=\"elementor-button-text\">Obtener indicaciones<\/span>\n\t\t\t\t\t<\/span>\n\t\t\t\t\t<\/a>\n\t\t\t\t\t\t\t\t<\/div>\n\t\t\t\t\t<\/div>\n\t\t<\/div>\n\t\t\t\t\t<\/div>\n\t\t<\/section>\n\t\t<div class=\"elementor-element elementor-element-3deccd4 e-flex e-con-boxed e-con e-parent\" data-id=\"3deccd4\" data-element_type=\"container\" data-e-type=\"container\">\n\t\t\t\t\t<div class=\"e-con-inner\">\n\t\t\t\t<div class=\"elementor-element elementor-element-4946082 elementor-widget elementor-widget-text-editor\" data-id=\"4946082\" data-element_type=\"widget\" data-e-type=\"widget\" data-widget_type=\"text-editor.default\">\n\t\t\t\t\t\t\t\t\t<h1 class=\"qwen-markdown-heading\"><span class=\"qwen-markdown-text\">Reach Wow Executive Hotel Shanghai<\/span><\/h1><div class=\"qwen-markdown-paragraph\"><span class=\"qwen-markdown-text\">Llegue con facilidad a <\/span><strong class=\"qwen-markdown-strong\"><span class=\"qwen-markdown-text\">Hotel ejecutivo Wow<\/span><\/strong><span class=\"qwen-markdown-text\">, Su exclusivo refugio ejecutivo se encuentra en el piso 22 del n\u00famero 618 de la calle Hankou, en el distrito de Huangpu, Shangh\u00e1i. Con una conexi\u00f3n perfecta con los principales centros de transporte de Shangh\u00e1i, nuestra ubicaci\u00f3n c\u00e9ntrica garantiza un viaje sin contratiempos, ya sea que llegue en avi\u00f3n, tren o coche, para que pueda comenzar su estancia relajado, renovado y listo para explorar.<\/span><\/div><div class=\"qwen-markdown-space\">\u00a0<\/div><div class=\"qwen-markdown-paragraph\"><span class=\"qwen-markdown-text\">\u2708\ufe0f <\/span><strong class=\"qwen-markdown-strong\"><span class=\"qwen-markdown-text\">En avi\u00f3n<\/span><\/strong><\/div><ul class=\"qwen-markdown-list\" dir=\"auto\"><li><strong class=\"qwen-markdown-strong\"><span class=\"qwen-markdown-text\">Aeropuerto Internacional de Pudong (PVG)<\/span><\/strong><span class=\"qwen-markdown-text\">: ~45\u201360 minutos en taxi o autob\u00fas lanzadera del aeropuerto; o bien, tome la l\u00ednea 2 del metro directamente hasta la estaci\u00f3n East Nanjing Road (salida 1) y luego camine 3 minutos. <\/span><\/li><li><strong class=\"qwen-markdown-strong\"><span class=\"qwen-markdown-text\">Aeropuerto Internacional de Hongqiao (SHA)<\/span><\/strong><span class=\"qwen-markdown-text\">: Aproximadamente 30 minutos en taxi; o l\u00ednea 2\/10 del metro hasta la estaci\u00f3n East Nanjing Road o People&#039;s Square para un acceso r\u00e1pido.<\/span><br \/><em><span class=\"qwen-markdown-text\">Puede organizar traslados privados desde el aeropuerto a trav\u00e9s de nuestra recepci\u00f3n, disponible las 24 horas.<\/span><\/em><\/li><\/ul><div class=\"qwen-markdown-space\">\u00a0<\/div><div class=\"qwen-markdown-paragraph\"><span class=\"qwen-markdown-text\">\ud83d\ude84 <\/span><strong class=\"qwen-markdown-strong\"><span class=\"qwen-markdown-text\">En tren<\/span><\/strong><\/div><ul class=\"qwen-markdown-list\" dir=\"auto\"><li><strong class=\"qwen-markdown-strong\"><span class=\"qwen-markdown-text\">Estaci\u00f3n de tren de Shangh\u00e1i<\/span><\/strong><span class=\"qwen-markdown-text\">: 10 minutos en taxi o en las l\u00edneas 1\/3\/4 del metro hasta la Plaza del Pueblo, y luego un corto paseo. <\/span><\/li><li><strong class=\"qwen-markdown-strong\"><span class=\"qwen-markdown-text\">Estaci\u00f3n de tren de Shangh\u00e1i Hongqiao<\/span><\/strong><span class=\"qwen-markdown-text\">Conexi\u00f3n directa mediante la l\u00ednea 2\/10 del metro hasta la estaci\u00f3n East Nanjing Road (salida 1), a pocos pasos del hotel.<\/span><br \/><span class=\"qwen-markdown-text\">La se\u00f1alizaci\u00f3n clara y el personal multiling\u00fce garantizan una navegaci\u00f3n sencilla desde el and\u00e9n hasta la suite.<\/span><\/li><\/ul><div class=\"qwen-markdown-space\">\u00a0<\/div><div class=\"qwen-markdown-paragraph\"><span class=\"qwen-markdown-text\">\ud83d\ude97 <\/span><strong class=\"qwen-markdown-strong\"><span class=\"qwen-markdown-text\">En coche<\/span><\/strong><br \/><span class=\"qwen-markdown-text\">Navegar a <\/span><strong class=\"qwen-markdown-strong\"><span class=\"qwen-markdown-text\">No. 618 Hankou Road, distrito de Huangpu, Shanghai<\/span><\/strong><span class=\"qwen-markdown-text\">. La entrada del hotel est\u00e1 claramente se\u00f1alizada en la calle Hankou, cerca de la intersecci\u00f3n con la calle Zhejiang Middle Road. Si bien el estacionamiento en la calle es limitado en esta zona c\u00e9ntrica, hay estacionamientos p\u00fablicos seguros disponibles en las cercan\u00edas (por ejemplo, Henderson Metropolitan y los complejos de Nanjing Road). Nuestro equipo de conserjer\u00eda ofrece servicio de valet parking y coordinaci\u00f3n de traslados.<\/span><\/div><div class=\"qwen-markdown-space\">\u00a0<\/div><div class=\"qwen-markdown-paragraph\"><span class=\"qwen-markdown-text\">\ud83d\udccd <\/span><strong class=\"qwen-markdown-strong\"><span class=\"qwen-markdown-text\">Datos de contacto del hotel<\/span><\/strong><br \/><strong class=\"qwen-markdown-strong\"><span class=\"qwen-markdown-text\">Hotel ejecutivo Wow<\/span><\/strong><br \/><span class=\"qwen-markdown-text\">\ud83d\udccd Direcci\u00f3n: Calle Hankou n.\u00ba 618, distrito de Huangpu, Shangh\u00e1i, China (piso 22)<\/span><br \/><span class=\"qwen-markdown-text\">\ud83d\udcde Tel\u00e9fono:\u00a0<\/span><span class=\"hotelContact_real-tel-text__3lcAp\" dir=\"ltr\">+86-21-68886866<\/span><br \/><span class=\"qwen-markdown-text\">\ud83c\udf10 Sitio web: <a href=\"https:\/\/wowexecutivehotel.com\/es\/\">www.wowexecutivehotel.com<\/a><\/span><br \/><span class=\"qwen-markdown-text\">\ud83d\udd52 Recepci\u00f3n: Soporte multiling\u00fce 24\/7 (ingl\u00e9s, mandar\u00edn y m\u00e1s) <\/span><\/div><div class=\"qwen-markdown-space\">\u00a0<\/div><div class=\"qwen-markdown-paragraph\" data-spm-anchor-id=\"a2ty_o01.29997173.0.i13.65f655fbNuX9AU\"><em><span class=\"qwen-markdown-text\">Consejo profesional<\/span><\/em><span class=\"qwen-markdown-text\">Guarde nuestra direcci\u00f3n en chino para los taxistas: \u4e0a\u6d77\u5e02\u9ec4\u6d66\u533a\u6c49\u53e3\u8def618\u53f722\u697c. Con la estaci\u00f3n de metro East Nanjing Road (l\u00edneas 2 y 10) a solo 230 metros y lugares emblem\u00e1ticos como el Bund y la calle peatonal Nanjing Road a poca distancia, el Wow Executive Hotel pone lo mejor de Shangh\u00e1i a su alcance, sin esfuerzo.<\/span><\/div>\t\t\t\t\t\t\t\t<\/div>\n\t\t\t\t\t<\/div>\n\t\t\t\t<\/div>\n\t\t<div class=\"elementor-element elementor-element-969d8f6 e-flex e-con-boxed e-con e-parent\" data-id=\"969d8f6\" data-element_type=\"container\" data-e-type=\"container\">\n\t\t\t\t\t<div class=\"e-con-inner\">\n\t\t\t\t<div class=\"elementor-element elementor-element-f61641d elementor-widget elementor-widget-text-editor\" data-id=\"f61641d\" data-element_type=\"widget\" data-e-type=\"widget\" data-widget_type=\"text-editor.default\">\n\t\t\t\t\t\t\t\t\t<iframe border=\"0\" src=\"https:\/\/www.trip.com\/partners\/ad\/S16865431?Allianceid=7451095&#038;SID=310877134&#038;trip_sub1=\" style=\"width:900px;height:170px\" frameborder=\"0\" scrolling=\"no\" id=\"S16865431\"><\/iframe>\t\t\t\t\t\t\t\t<\/div>\n\t\t\t\t\t<\/div>\n\t\t\t\t<\/div>\n\t\t\t\t<\/div>","protected":false},"excerpt":{"rendered":"<p>Need help with your online booking, have a question or need more information? Just drop us a line! Reservations please call or email Call us: +86-21-68886866 Find us on the map No. 618 Hankou Road, Huangpu District, Shanghai, China Get Directions Reach Wow Executive Hotel Shanghai Arrive with ease at Wow Executive Hotel, your sky-high [&hellip;]<\/p>\n","protected":false},"author":1,"featured_media":0,"parent":0,"menu_order":0,"comment_status":"closed","ping_status":"closed","template":"","meta":{"footnotes":""},"class_list":["post-5243","page","type-page","status-publish","hentry","post-no-thumbnail"],"_links":{"self":[{"href":"https:\/\/wowexecutivehotel.com\/es\/wp-json\/wp\/v2\/pages\/5243","targetHints":{"allow":["GET"]}}],"collection":[{"href":"https:\/\/wowexecutivehotel.com\/es\/wp-json\/wp\/v2\/pages"}],"about":[{"href":"https:\/\/wowexecutivehotel.com\/es\/wp-json\/wp\/v2\/types\/page"}],"author":[{"embeddable":true,"href":"https:\/\/wowexecutivehotel.com\/es\/wp-json\/wp\/v2\/users\/1"}],"replies":[{"embeddable":true,"href":"https:\/\/wowexecutivehotel.com\/es\/wp-json\/wp\/v2\/comments?post=5243"}],"version-history":[{"count":0,"href":"https:\/\/wowexecutivehotel.com\/es\/wp-json\/wp\/v2\/pages\/5243\/revisions"}],"wp:attachment":[{"href":"https:\/\/wowexecutivehotel.com\/es\/wp-json\/wp\/v2\/media?parent=5243"}],"curies":[{"name":"wp","href":"https:\/\/api.w.org\/{rel}","templated":true}]}}