{"id":2106,"date":"2021-03-25T04:08:26","date_gmt":"2021-03-25T04:08:26","guid":{"rendered":"http:\/\/localhost\/nuss\/?page_id=298"},"modified":"2026-05-12T09:14:38","modified_gmt":"2026-05-12T09:14:38","slug":"experiencias","status":"publish","type":"page","link":"https:\/\/wowexecutivehotel.com\/es\/experiences\/","title":{"rendered":"Rese\u00f1as del Wow Executive Hotel"},"content":{"rendered":"<div data-elementor-type=\"wp-page\" data-elementor-id=\"2106\" class=\"elementor elementor-2106\">\n\t\t\t\t\t\t<section class=\"elementor-section elementor-top-section elementor-element elementor-element-1954ffc elementor-section-boxed elementor-section-gap-beside-yes elementor-section-height-default elementor-section-height-default elementor-section-column-vertical-align-stretch\" data-id=\"1954ffc\" data-element_type=\"section\" data-e-type=\"section\">\n\t\t\t\t\t\t<div class=\"elementor-container elementor-column-gap-extended\">\n\t\t\t\t\t<div class=\"elementor-column elementor-col-100 elementor-top-column elementor-element elementor-element-86aebc5\" data-id=\"86aebc5\" data-element_type=\"column\" data-e-type=\"column\">\n\t\t\t<div class=\"elementor-widget-wrap elementor-element-populated\">\n\t\t\t\t\t\t<div class=\"elementor-element elementor-element-11803d1 elementor-widget__width-initial elementor-invisible elementor-widget elementor-widget-text-editor\" data-id=\"11803d1\" data-element_type=\"widget\" data-e-type=\"widget\" data-settings=\"{&quot;_animation&quot;:&quot;nussFadeInUp&quot;}\" data-widget_type=\"text-editor.default\">\n\t\t\t\t\t\t\t\t\tWow Executive Hotel Shanghai: Experiencias aut\u00e9nticas de los hu\u00e9spedes y opiniones de viajeros de confianza.\t\t\t\t\t\t\t\t<\/div>\n\t\t\t\t\t<\/div>\n\t\t<\/div>\n\t\t\t\t\t<\/div>\n\t\t<\/section>\n\t\t<div class=\"elementor-element elementor-element-6b3b4fd e-flex e-con-boxed e-con e-parent\" data-id=\"6b3b4fd\" data-element_type=\"container\" data-e-type=\"container\">\n\t\t\t\t\t<div class=\"e-con-inner\">\n\t\t\t\t<div class=\"elementor-element elementor-element-2880ecd elementor-widget elementor-widget-image\" data-id=\"2880ecd\" data-element_type=\"widget\" data-e-type=\"widget\" data-widget_type=\"image.default\">\n\t\t\t\t\t\t\t\t\t\t\t\t\t\t\t\t<a href=\"https:\/\/www.trip.com\/hotels\/shanghai-hotel-detail-128721807\/wow-executive-hotel\/?Allianceid=7451095&#038;SID=310877134&#038;trip_sub1=&#038;trip_sub3=D16865249\" target=\"_blank\" rel=\"noopener\">\n\t\t\t\t\t\t\t<img fetchpriority=\"high\" decoding=\"async\" width=\"1740\" height=\"1261\" src=\"https:\/\/wowexecutivehotel.com\/wp-content\/uploads\/2026\/05\/Wow-Executive-Hotel-Shanghai-Reviews.webp\" class=\"attachment-full size-full wp-image-5677\" alt=\"\" srcset=\"https:\/\/wowexecutivehotel.com\/wp-content\/uploads\/2026\/05\/Wow-Executive-Hotel-Shanghai-Reviews.webp 1740w, https:\/\/wowexecutivehotel.com\/wp-content\/uploads\/2026\/05\/Wow-Executive-Hotel-Shanghai-Reviews-300x217.webp 300w, https:\/\/wowexecutivehotel.com\/wp-content\/uploads\/2026\/05\/Wow-Executive-Hotel-Shanghai-Reviews-1024x742.webp 1024w, https:\/\/wowexecutivehotel.com\/wp-content\/uploads\/2026\/05\/Wow-Executive-Hotel-Shanghai-Reviews-768x557.webp 768w, https:\/\/wowexecutivehotel.com\/wp-content\/uploads\/2026\/05\/Wow-Executive-Hotel-Shanghai-Reviews-1536x1113.webp 1536w\" sizes=\"(max-width: 1740px) 100vw, 1740px\" \/>\t\t\t\t\t\t\t\t<\/a>\n\t\t\t\t\t\t\t\t\t\t\t\t\t\t\t<\/div>\n\t\t\t\t\t<\/div>\n\t\t\t\t<\/div>\n\t\t<div class=\"elementor-element elementor-element-82812ad e-flex e-con-boxed e-con e-parent\" data-id=\"82812ad\" data-element_type=\"container\" data-e-type=\"container\">\n\t\t\t\t\t<div class=\"e-con-inner\">\n\t\t\t\t<div class=\"elementor-element elementor-element-6f0f119 elementor-widget elementor-widget-text-editor\" data-id=\"6f0f119\" data-element_type=\"widget\" data-e-type=\"widget\" data-widget_type=\"text-editor.default\">\n\t\t\t\t\t\t\t\t\t<div class=\"qwen-markdown-paragraph\"><span class=\"qwen-markdown-text\">Al elegir alojamiento en una de las ciudades m\u00e1s din\u00e1micas del mundo, las experiencias reales de los hu\u00e9spedes valen m\u00e1s que las promesas de marketing. <\/span><strong class=\"qwen-markdown-strong\"><span class=\"qwen-markdown-text\">Hotel ejecutivo Wow<\/span><\/strong><span class=\"qwen-markdown-text\">, ubicado en el n\u00famero 618 de la calle Hankou en el prestigioso distrito de Huangpu de Shangh\u00e1i, los comentarios de los viajeros destacan constantemente una combinaci\u00f3n excepcional de ubicaci\u00f3n privilegiada, servicio atento y comodidad superior. Con una calificaci\u00f3n general sobresaliente de <\/span><strong class=\"qwen-markdown-strong\"><span class=\"qwen-markdown-text\">9,1 sobre 10<\/span><\/strong><span class=\"qwen-markdown-text\"> Bas\u00e1ndose en m\u00e1s de 1.200 rese\u00f1as verificadas de hu\u00e9spedes, este hotel ejecutivo de 4 estrellas se ha ganado la reputaci\u00f3n de ofrecer estancias memorables que superan las expectativas tanto de profesionales de negocios como de viajeros de ocio.<\/span><\/div><div class=\"qwen-markdown-space\">\u00a0<\/div><h2 class=\"qwen-markdown-heading\"><span class=\"qwen-markdown-text\">Calificaciones excepcionales en todas las categor\u00edas.<\/span><\/h2><div class=\"qwen-markdown-paragraph\"><span class=\"qwen-markdown-text\">Los hu\u00e9spedes otorgan sistem\u00e1ticamente altas calificaciones al Wow Executive Hotel en todos los indicadores clave de rendimiento, lo que refleja una experiencia de hospitalidad integral:<\/span><\/div><div class=\"qwen-markdown-space\">\u00a0<\/div><ul class=\"qwen-markdown-list\" dir=\"auto\"><li><strong class=\"qwen-markdown-strong\"><span class=\"qwen-markdown-text\">Excelencia en el servicio: 9,2\/10<\/span><\/strong><span class=\"qwen-markdown-text\"> Los viajeros suelen elogiar la profesionalidad, la calidez y la capacidad de respuesta del personal del hotel. Se destaca que los empleados se esfuerzan al m\u00e1ximo para ayudar con indicaciones, transporte, recomendaciones de restaurantes y peticiones personalizadas.<\/span><\/li><li><strong class=\"qwen-markdown-strong\"><span class=\"qwen-markdown-text\">Limpieza y comodidad: 9,2\/10<\/span><\/strong><span class=\"qwen-markdown-text\"> \u2013 Las rese\u00f1as destacan los impecables est\u00e1ndares de limpieza, la ropa de cama fresca, los ba\u00f1os impolutos con accesorios de primera calidad y los espacios comunes bien mantenidos en todo el edificio ubicado en el piso 22.<\/span><\/li><li><strong class=\"qwen-markdown-strong\"><span class=\"qwen-markdown-text\">Comodidad de la ubicaci\u00f3n: 9,1\/10<\/span><\/strong><span class=\"qwen-markdown-text\"> Situado a pocos pasos de la calle peatonal Nanjing Road y a poca distancia a pie de la Plaza del Pueblo, el Bund y las principales l\u00edneas de metro, los hu\u00e9spedes aprecian el acceso inmejorable a los principales atractivos culturales, comerciales y gastron\u00f3micos de Shangh\u00e1i.<\/span><\/li><li><strong class=\"qwen-markdown-strong\"><span class=\"qwen-markdown-text\">Comodidades y relaci\u00f3n calidad-precio: 8,9\/10<\/span><\/strong><span class=\"qwen-markdown-text\"> Desde conexi\u00f3n Wi-Fi de alta velocidad gratuita y servicio de lavander\u00eda gratuito hasta tecnolog\u00eda inteligente en las habitaciones y vistas panor\u00e1micas de la ciudad, los viajeros reconocen los detalles bien pensados que mejoran tanto las estancias cortas como las visitas prolongadas.<\/span><\/li><\/ul><div class=\"qwen-markdown-space\">\u00a0<\/div><h2 class=\"qwen-markdown-heading\"><span class=\"qwen-markdown-text\">Lo que m\u00e1s les gusta a los hu\u00e9spedes: Temas recurrentes en los comentarios de los viajeros<\/span><\/h2><h3 class=\"qwen-markdown-heading\"><span class=\"qwen-markdown-text\">\ud83c\udf06 Ubicaci\u00f3n c\u00e9ntrica inmejorable<\/span><\/h3><div class=\"qwen-markdown-paragraph\"><span class=\"qwen-markdown-text\">Una y otra vez, los visitantes destacan la ubicaci\u00f3n estrat\u00e9gica del hotel en el coraz\u00f3n del distrito de Huangpu. &quot;\u00a1Justo al lado de la calle peatonal de Nanjing!&quot; y &quot;\u00a1Una hilera de restaurantes justo abajo!&quot; son comentarios frecuentes. A los hu\u00e9spedes les encanta salir al exterior y encontrar un sinf\u00edn de opciones gastron\u00f3micas, tiendas y lugares de inter\u00e9s cultural, todo a tan solo 5 o 10 minutos a pie. La proximidad a las estaciones de metro de East Nanjing Road y People&#039;s Square facilita la exploraci\u00f3n de Shangh\u00e1i, ya sea visitando el hist\u00f3rico Bund, el Jard\u00edn Yu o los modernos rascacielos de Lujiazui.<\/span><\/div><div class=\"qwen-markdown-space\">\u00a0<\/div><h3 class=\"qwen-markdown-heading\"><span class=\"qwen-markdown-text\">\ud83e\udd1d Servicio personalizado y atento<\/span><\/h3><div class=\"qwen-markdown-paragraph\"><span class=\"qwen-markdown-text\">El trato personalizado define la experiencia Wow Executive. Numerosas rese\u00f1as elogian espec\u00edficamente a los miembros del personal por su excepcional hospitalidad, ya sea ayudando con salidas tard\u00edas, organizando traslados al aeropuerto o brindando recomendaciones sobre atracciones locales. El servicio de mayordomo, disponible para todos los hu\u00e9spedes, recibe elogios especiales por anticiparse a las necesidades y ofrecer estancias impecables y sin estr\u00e9s. La asistencia multiling\u00fce garantiza que los viajeros internacionales se sientan bienvenidos y comprendidos desde su llegada hasta su partida.<\/span><\/div><div class=\"qwen-markdown-space\">\u00a0<\/div><h3 class=\"qwen-markdown-heading\"><span class=\"qwen-markdown-text\">\ud83d\udecf\ufe0f Habitaciones elegantes y bien equipadas<\/span><\/h3><div class=\"qwen-markdown-paragraph\"><span class=\"qwen-markdown-text\">Los hu\u00e9spedes describen las suites ejecutivas como espaciosas, modernas e impecables. Los ventanales que van del suelo al techo y que enmarcan el deslumbrante horizonte de Shangh\u00e1i crean un tel\u00f3n de fondo memorable, mientras que las comodidades de la habitaci\u00f3n \u2014controles inteligentes, ba\u00f1eras independientes, inodoros autom\u00e1ticos, puertos de carga USB y ropa de cama de primera calidad\u2014 combinan funcionalidad y lujo. El dise\u00f1o minimalista y art\u00edstico resulta ideal para quienes buscan un refugio urbano contempor\u00e1neo lejos del bullicio de la ciudad.<\/span><\/div><div class=\"qwen-markdown-space\">\u00a0<\/div><h3 class=\"qwen-markdown-heading\"><span class=\"qwen-markdown-text\">\ud83e\uddfa Ventajas pr\u00e1cticas que importan<\/span><\/h3><div class=\"qwen-markdown-paragraph\"><span class=\"qwen-markdown-text\">M\u00e1s all\u00e1 de la est\u00e9tica, las comodidades pr\u00e1cticas son muy valoradas. Lavander\u00eda gratuita, recepci\u00f3n 24 horas, registro de entrada y salida expr\u00e9s e internet de alta velocidad confiable satisfacen las necesidades reales tanto de viajeros de negocios como de familias. El gimnasio, la sala de juegos de cartas y el pediluvio ofrecen excelentes oportunidades para relajarse despu\u00e9s de un d\u00eda de turismo o reuniones.<\/span><\/div><div class=\"qwen-markdown-space\">\u00a0<\/div><h2 class=\"qwen-markdown-heading\"><span class=\"qwen-markdown-text\">Sugerencias de hu\u00e9spedes reflexivos para la mejora continua<\/span><\/h2><div class=\"qwen-markdown-paragraph\"><span class=\"qwen-markdown-text\">El Wow Executive Hotel valora la retroalimentaci\u00f3n transparente como v\u00eda hacia la excelencia. Un peque\u00f1o n\u00famero de hu\u00e9spedes ha compartido sugerencias constructivas, que el hotel atiende activamente:<\/span><\/div><div class=\"qwen-markdown-space\">\u00a0<\/div><ul class=\"qwen-markdown-list\" dir=\"auto\"><li><strong class=\"qwen-markdown-strong\"><span class=\"qwen-markdown-text\">Eficiencia de los ascensores<\/span><\/strong><span class=\"qwen-markdown-text\">Durante las horas punta, algunos hu\u00e9spedes comentan que hay que esperar para usar los ascensores que dan servicio al piso 22 del hotel. El equipo directivo est\u00e1 estudiando c\u00f3mo optimizar los horarios y mejorar el flujo de hu\u00e9spedes para mayor comodidad.<\/span><\/li><li><strong class=\"qwen-markdown-strong\"><span class=\"qwen-markdown-text\">Claridad de la mejora de la habitaci\u00f3n<\/span><\/strong><span class=\"qwen-markdown-text\">En ocasiones, algunos comentarios mencionan expectativas respecto a las mejoras de categor\u00eda gratuitas. El hotel ha reforzado la capacitaci\u00f3n del personal para garantizar una comunicaci\u00f3n clara sobre las categor\u00edas de habitaciones y las pol\u00edticas de mejora.<\/span><\/li><li><strong class=\"qwen-markdown-strong\"><span class=\"qwen-markdown-text\">Refinamientos del ambiente<\/span><\/strong><span class=\"qwen-markdown-text\">Algunos hu\u00e9spedes han sugerido peque\u00f1as mejoras en la ambientaci\u00f3n o el aislamiento ac\u00fastico de las habitaciones. Estas sugerencias se tienen en cuenta para las mejoras y el mantenimiento continuos del establecimiento.<\/span><\/li><\/ul><div class=\"qwen-markdown-space\">\u00a0<\/div><div class=\"qwen-markdown-paragraph\"><span class=\"qwen-markdown-text\">La capacidad de respuesta del hotel ante los comentarios de los hu\u00e9spedes, evidenciada por la reasignaci\u00f3n proactiva de habitaciones, el seguimiento por parte de los gerentes y los ajustes en el servicio, demuestra un compromiso genuino con la satisfacci\u00f3n de los hu\u00e9spedes.<\/span><\/div><div class=\"qwen-markdown-space\">\u00a0<\/div><h2 class=\"qwen-markdown-heading\"><span class=\"qwen-markdown-text\">Voces reales, experiencias reales: Lo m\u00e1s destacado de nuestros invitados<\/span><\/h2><blockquote class=\"qwen-markdown-blockquote\"><div class=\"qwen-markdown-paragraph\"><em><span class=\"qwen-markdown-text\">\u201cLa habitaci\u00f3n era estupenda, espaciosa y con vistas a la ciudad. El personal, especialmente Akin, fue muy atento y nos ayud\u00f3 con todas nuestras preguntas. \u00a1Muy recomendable por su ubicaci\u00f3n, justo al lado de la calle peatonal de Nanjing!\u201d<\/span><\/em><br \/><span class=\"qwen-markdown-text\">\u2014 Invitado verificado, marzo de 2026<\/span><\/div><\/blockquote><div class=\"qwen-markdown-space\">\u00a0<\/div><blockquote class=\"qwen-markdown-blockquote\"><div class=\"qwen-markdown-paragraph\"><em><span class=\"qwen-markdown-text\">\u201cExcelente ubicaci\u00f3n en pleno centro de la ciudad, con f\u00e1cil acceso a muchos buenos restaurantes. La \u00fanica pega es el ascensor, que siempre est\u00e1 lleno, pero la experiencia en general fue muy positiva.\u201d<\/span><\/em><br \/><span class=\"qwen-markdown-text\">\u2014 Invitado verificado, abril de 2026<\/span><\/div><\/blockquote><div class=\"qwen-markdown-space\">\u00a0<\/div><blockquote class=\"qwen-markdown-blockquote\"><div class=\"qwen-markdown-paragraph\"><em><span class=\"qwen-markdown-text\">\u201cAl llegar, nos dijeron que nos dar\u00edan una mejora de habitaci\u00f3n gratuita. Aunque la habitaci\u00f3n inicial no era como esper\u00e1bamos, el gerente nos escuch\u00f3, se disculp\u00f3 y enseguida nos cambi\u00f3 a una habitaci\u00f3n que coincid\u00eda con las fotos del anuncio. Ese nivel de responsabilidad marc\u00f3 la diferencia.\u201d<\/span><\/em><br \/><span class=\"qwen-markdown-text\">\u2014 Invitado verificado, abril de 2026<\/span><\/div><\/blockquote><div class=\"qwen-markdown-space\">\u00a0<\/div><div class=\"qwen-markdown-paragraph\"><span class=\"qwen-markdown-text\">Estos testimonios aut\u00e9nticos reflejan una tendencia m\u00e1s amplia: si bien ning\u00fan hotel es perfecto, la dedicaci\u00f3n de Wow Executive Hotel a escuchar, adaptarse y brindar una atenci\u00f3n personalizada transforma los posibles desaf\u00edos en oportunidades para generar confianza y lealtad.<\/span><\/div><div class=\"qwen-markdown-space\">\u00a0<\/div><h2 class=\"qwen-markdown-heading\"><span class=\"qwen-markdown-text\">\u00bfPor qu\u00e9 los viajeros eligen el Wow Executive Hotel una y otra vez?<\/span><\/h2><div class=\"qwen-markdown-paragraph\"><span class=\"qwen-markdown-text\">Para los viajeros de negocios, la combinaci\u00f3n de conectividad fiable, servicios eficientes y una ubicaci\u00f3n c\u00e9ntrica minimiza las dificultades log\u00edsticas y maximiza la productividad. Para parejas y familias, la seguridad, la limpieza y la facilidad para ir andando a los lugares emblem\u00e1ticos de Shangh\u00e1i crean un entorno ideal para explorar la ciudad sin estr\u00e9s. Los viajeros solitarios aprecian el ambiente acogedor, la asistencia multiling\u00fce y las recomendaciones locales que les permiten vivir Shangh\u00e1i como un aut\u00e9ntico local.<\/span><\/div><div class=\"qwen-markdown-space\">\u00a0<\/div><div class=\"qwen-markdown-paragraph\"><span class=\"qwen-markdown-text\">La inauguraci\u00f3n del hotel en 2025 garantiza una infraestructura moderna, un dise\u00f1o contempor\u00e1neo y servicios de \u00faltima generaci\u00f3n, libres del desgaste propio de los establecimientos m\u00e1s antiguos. Operando bajo el prestigioso grupo West Travel &amp; Lodge Inn, el Wow Executive Hotel se beneficia de una gesti\u00f3n profesional sin renunciar al trato personalizado que tanto aprecian los viajeros independientes.<\/span><\/div><div class=\"qwen-markdown-space\">\u00a0<\/div><h2 class=\"qwen-markdown-heading\"><span class=\"qwen-markdown-text\">Experimenta la diferencia Wow: Reserva con confianza.<\/span><\/h2><div class=\"qwen-markdown-paragraph\"><span class=\"qwen-markdown-text\">Con una calificaci\u00f3n de 9.1\/10 por parte de los hu\u00e9spedes, m\u00e1s de 1200 rese\u00f1as verificadas y elogios constantes por su ubicaci\u00f3n, servicio y relaci\u00f3n calidad-precio, el Wow Executive Hotel se destaca como una opci\u00f3n confiable para hospedarse en Shangh\u00e1i. Ya sea que visite la ciudad por una importante reuni\u00f3n de negocios, una escapada rom\u00e1ntica o un viaje de inmersi\u00f3n cultural, las experiencias aut\u00e9nticas compartidas por otros viajeros le garantizan una estad\u00eda c\u00f3moda, pr\u00e1ctica e inolvidable.<\/span><\/div><div class=\"qwen-markdown-space\">\u00a0<\/div><div class=\"qwen-markdown-paragraph\" data-spm-anchor-id=\"a2ty_o01.29997173.0.i32.65f655fbNuX9AU\"><span class=\"qwen-markdown-text\">Descubra por qu\u00e9 los hu\u00e9spedes m\u00e1s exigentes regresan al Wow Executive Hotel y por qu\u00e9 su pr\u00f3ximo viaje a Shangh\u00e1i merece comenzar por encima de las nubes, en el coraz\u00f3n de la ciudad. Reserve hoy mismo su suite ejecutiva y \u00fanase a la comunidad de viajeros que han convertido este oasis en las alturas en su segundo hogar.<\/span><\/div>\t\t\t\t\t\t\t\t<\/div>\n\t\t\t\t\t<\/div>\n\t\t\t\t<\/div>\n\t\t\t\t<\/div>","protected":false},"excerpt":{"rendered":"<p>Wow Executive Hotel Shanghai: Authentic Guest Experiences &#038; Trusted Traveler Reviews When choosing accommodations in one of the world&#8217;s most dynamic cities, real guest experiences speak louder than marketing promises. At Wow Executive Hotel, located at No. 618 Hankou Road in Shanghai&#8217;s prestigious Huangpu District, traveler feedback consistently highlights an exceptional blend of prime location, [&hellip;]<\/p>\n","protected":false},"author":1,"featured_media":0,"parent":0,"menu_order":0,"comment_status":"closed","ping_status":"closed","template":"","meta":{"footnotes":""},"class_list":["post-2106","page","type-page","status-publish","hentry","post-no-thumbnail"],"_links":{"self":[{"href":"https:\/\/wowexecutivehotel.com\/es\/wp-json\/wp\/v2\/pages\/2106","targetHints":{"allow":["GET"]}}],"collection":[{"href":"https:\/\/wowexecutivehotel.com\/es\/wp-json\/wp\/v2\/pages"}],"about":[{"href":"https:\/\/wowexecutivehotel.com\/es\/wp-json\/wp\/v2\/types\/page"}],"author":[{"embeddable":true,"href":"https:\/\/wowexecutivehotel.com\/es\/wp-json\/wp\/v2\/users\/1"}],"replies":[{"embeddable":true,"href":"https:\/\/wowexecutivehotel.com\/es\/wp-json\/wp\/v2\/comments?post=2106"}],"version-history":[{"count":0,"href":"https:\/\/wowexecutivehotel.com\/es\/wp-json\/wp\/v2\/pages\/2106\/revisions"}],"wp:attachment":[{"href":"https:\/\/wowexecutivehotel.com\/es\/wp-json\/wp\/v2\/media?parent=2106"}],"curies":[{"name":"wp","href":"https:\/\/api.w.org\/{rel}","templated":true}]}}